{"id":215,"date":"2024-07-11T13:34:05","date_gmt":"2024-07-11T11:34:05","guid":{"rendered":"https:\/\/mj-energy.pl\/?page_id=215"},"modified":"2024-07-11T13:35:12","modified_gmt":"2024-07-11T11:35:12","slug":"wsparcie-techniczne","status":"publish","type":"page","link":"https:\/\/mj-energy.pl\/index.php\/wsparcie-techniczne\/","title":{"rendered":"Wsparcie techniczne"},"content":{"rendered":"\n<figure class=\"wp-block-video\"><video height=\"360\" style=\"aspect-ratio: 642 \/ 360;\" width=\"642\" controls src=\"https:\/\/mj-energy.pl\/wp-content\/uploads\/2024\/07\/1894261687535.PNM_.mp4\"><\/video><\/figure>\n","protected":false},"excerpt":{"rendered":"","protected":false},"author":1,"featured_media":0,"parent":0,"menu_order":0,"comment_status":"closed","ping_status":"closed","template":"","meta":{"om_disable_all_campaigns":false,"_monsterinsights_skip_tracking":false,"_monsterinsights_sitenote_active":false,"_monsterinsights_sitenote_note":"","_monsterinsights_sitenote_category":0,"footnotes":""},"class_list":["post-215","page","type-page","status-publish","hentry"],"yoast_head":"<!-- This site is optimized with the Yoast SEO plugin v27.3 - https:\/\/yoast.com\/product\/yoast-seo-wordpress\/ -->\n<title>Wsparcie techniczne - MJ ENERGY<\/title>\n<meta name=\"description\" content=\"Poni\u017cej znajdziesz dokumentacje techniczne oraz porady dotycz\u0105ce naszych pomp ciep\u0142a.\" \/>\n<meta name=\"robots\" content=\"index, follow, max-snippet:-1, max-image-preview:large, max-video-preview:-1\" \/>\n<link rel=\"canonical\" href=\"https:\/\/mj-energy.pl\/index.php\/wsparcie-techniczne\/\" \/>\n<meta property=\"og:locale\" content=\"pl_PL\" \/>\n<meta property=\"og:type\" content=\"article\" \/>\n<meta property=\"og:title\" content=\"Wsparcie techniczne - MJ ENERGY\" \/>\n<meta property=\"og:description\" content=\"Poni\u017cej znajdziesz dokumentacje techniczne oraz porady dotycz\u0105ce naszych pomp ciep\u0142a.\" \/>\n<meta property=\"og:url\" content=\"https:\/\/mj-energy.pl\/index.php\/wsparcie-techniczne\/\" \/>\n<meta property=\"og:site_name\" content=\"MJ ENERGY\" \/>\n<meta property=\"article:modified_time\" content=\"2024-07-11T11:35:12+00:00\" \/>\n<meta name=\"twitter:card\" content=\"summary_large_image\" \/>\n<script type=\"application\/ld+json\" class=\"yoast-schema-graph\">{\"@context\":\"https:\\\/\\\/schema.org\",\"@graph\":[{\"@type\":\"TechArticle\",\"@id\":\"https:\\\/\\\/mj-energy.pl\\\/index.php\\\/wsparcie-techniczne\\\/#article\",\"isPartOf\":{\"@id\":\"https:\\\/\\\/mj-energy.pl\\\/index.php\\\/wsparcie-techniczne\\\/\"},\"author\":{\"name\":\"admin3720\",\"@id\":\"https:\\\/\\\/mj-energy.pl\\\/#\\\/schema\\\/person\\\/0b308f5f58fb0c2bbecd303d71481f82\"},\"headline\":\"Wsparcie techniczne\",\"datePublished\":\"2024-07-11T11:34:05+00:00\",\"dateModified\":\"2024-07-11T11:35:12+00:00\",\"mainEntityOfPage\":{\"@id\":\"https:\\\/\\\/mj-energy.pl\\\/index.php\\\/wsparcie-techniczne\\\/\"},\"wordCount\":2,\"publisher\":{\"@id\":\"https:\\\/\\\/mj-energy.pl\\\/#organization\"},\"inLanguage\":\"pl-PL\"},{\"@type\":[\"WebPage\",\"QAPage\"],\"@id\":\"https:\\\/\\\/mj-energy.pl\\\/index.php\\\/wsparcie-techniczne\\\/\",\"url\":\"https:\\\/\\\/mj-energy.pl\\\/index.php\\\/wsparcie-techniczne\\\/\",\"name\":\"Wsparcie techniczne - MJ ENERGY\",\"isPartOf\":{\"@id\":\"https:\\\/\\\/mj-energy.pl\\\/#website\"},\"datePublished\":\"2024-07-11T11:34:05+00:00\",\"dateModified\":\"2024-07-11T11:35:12+00:00\",\"description\":\"Poni\u017cej znajdziesz dokumentacje techniczne oraz porady dotycz\u0105ce naszych pomp ciep\u0142a.\",\"breadcrumb\":{\"@id\":\"https:\\\/\\\/mj-energy.pl\\\/index.php\\\/wsparcie-techniczne\\\/#breadcrumb\"},\"inLanguage\":\"pl-PL\",\"potentialAction\":[{\"@type\":\"ReadAction\",\"target\":[\"https:\\\/\\\/mj-energy.pl\\\/index.php\\\/wsparcie-techniczne\\\/\"]}]},{\"@type\":\"BreadcrumbList\",\"@id\":\"https:\\\/\\\/mj-energy.pl\\\/index.php\\\/wsparcie-techniczne\\\/#breadcrumb\",\"itemListElement\":[{\"@type\":\"ListItem\",\"position\":1,\"name\":\"Strona g\u0142\u00f3wna\",\"item\":\"https:\\\/\\\/mj-energy.pl\\\/\"},{\"@type\":\"ListItem\",\"position\":2,\"name\":\"Wsparcie techniczne\"}]},{\"@type\":\"WebSite\",\"@id\":\"https:\\\/\\\/mj-energy.pl\\\/#website\",\"url\":\"https:\\\/\\\/mj-energy.pl\\\/\",\"name\":\"MJ ENERGY\",\"description\":\"Release your energy \",\"publisher\":{\"@id\":\"https:\\\/\\\/mj-energy.pl\\\/#organization\"},\"potentialAction\":[{\"@type\":\"SearchAction\",\"target\":{\"@type\":\"EntryPoint\",\"urlTemplate\":\"https:\\\/\\\/mj-energy.pl\\\/?s={search_term_string}\"},\"query-input\":{\"@type\":\"PropertyValueSpecification\",\"valueRequired\":true,\"valueName\":\"search_term_string\"}}],\"inLanguage\":\"pl-PL\"},{\"@type\":\"Organization\",\"@id\":\"https:\\\/\\\/mj-energy.pl\\\/#organization\",\"name\":\"MJ ENERGY\",\"url\":\"https:\\\/\\\/mj-energy.pl\\\/\",\"logo\":{\"@type\":\"ImageObject\",\"inLanguage\":\"pl-PL\",\"@id\":\"https:\\\/\\\/mj-energy.pl\\\/#\\\/schema\\\/logo\\\/image\\\/\",\"url\":\"https:\\\/\\\/mj-energy.pl\\\/wp-content\\\/uploads\\\/2023\\\/04\\\/cropped-MJ-Energy-logo-2-2.png\",\"contentUrl\":\"https:\\\/\\\/mj-energy.pl\\\/wp-content\\\/uploads\\\/2023\\\/04\\\/cropped-MJ-Energy-logo-2-2.png\",\"width\":260,\"height\":164,\"caption\":\"MJ ENERGY\"},\"image\":{\"@id\":\"https:\\\/\\\/mj-energy.pl\\\/#\\\/schema\\\/logo\\\/image\\\/\"}},{\"@type\":\"Person\",\"@id\":\"https:\\\/\\\/mj-energy.pl\\\/#\\\/schema\\\/person\\\/0b308f5f58fb0c2bbecd303d71481f82\",\"name\":\"admin3720\",\"image\":{\"@type\":\"ImageObject\",\"inLanguage\":\"pl-PL\",\"@id\":\"https:\\\/\\\/secure.gravatar.com\\\/avatar\\\/1716397e05d06be95b2ddb3aaefa68838893a7883dc5db80f66b2e33900ef7b0?s=96&d=mm&r=g\",\"url\":\"https:\\\/\\\/secure.gravatar.com\\\/avatar\\\/1716397e05d06be95b2ddb3aaefa68838893a7883dc5db80f66b2e33900ef7b0?s=96&d=mm&r=g\",\"contentUrl\":\"https:\\\/\\\/secure.gravatar.com\\\/avatar\\\/1716397e05d06be95b2ddb3aaefa68838893a7883dc5db80f66b2e33900ef7b0?s=96&d=mm&r=g\",\"caption\":\"admin3720\"},\"sameAs\":[\"http:\\\/\\\/mj-energy.pl\"],\"url\":\"https:\\\/\\\/mj-energy.pl\\\/index.php\\\/author\\\/admin3720\\\/\"}]}<\/script>\n<!-- \/ Yoast SEO plugin. -->","yoast_head_json":{"title":"Wsparcie techniczne - MJ ENERGY","description":"Poni\u017cej znajdziesz dokumentacje techniczne oraz porady dotycz\u0105ce naszych pomp ciep\u0142a.","robots":{"index":"index","follow":"follow","max-snippet":"max-snippet:-1","max-image-preview":"max-image-preview:large","max-video-preview":"max-video-preview:-1"},"canonical":"https:\/\/mj-energy.pl\/index.php\/wsparcie-techniczne\/","og_locale":"pl_PL","og_type":"article","og_title":"Wsparcie techniczne - MJ ENERGY","og_description":"Poni\u017cej znajdziesz dokumentacje techniczne oraz porady dotycz\u0105ce naszych pomp ciep\u0142a.","og_url":"https:\/\/mj-energy.pl\/index.php\/wsparcie-techniczne\/","og_site_name":"MJ ENERGY","article_modified_time":"2024-07-11T11:35:12+00:00","twitter_card":"summary_large_image","schema":{"@context":"https:\/\/schema.org","@graph":[{"@type":"TechArticle","@id":"https:\/\/mj-energy.pl\/index.php\/wsparcie-techniczne\/#article","isPartOf":{"@id":"https:\/\/mj-energy.pl\/index.php\/wsparcie-techniczne\/"},"author":{"name":"admin3720","@id":"https:\/\/mj-energy.pl\/#\/schema\/person\/0b308f5f58fb0c2bbecd303d71481f82"},"headline":"Wsparcie techniczne","datePublished":"2024-07-11T11:34:05+00:00","dateModified":"2024-07-11T11:35:12+00:00","mainEntityOfPage":{"@id":"https:\/\/mj-energy.pl\/index.php\/wsparcie-techniczne\/"},"wordCount":2,"publisher":{"@id":"https:\/\/mj-energy.pl\/#organization"},"inLanguage":"pl-PL"},{"@type":["WebPage","QAPage"],"@id":"https:\/\/mj-energy.pl\/index.php\/wsparcie-techniczne\/","url":"https:\/\/mj-energy.pl\/index.php\/wsparcie-techniczne\/","name":"Wsparcie techniczne - MJ ENERGY","isPartOf":{"@id":"https:\/\/mj-energy.pl\/#website"},"datePublished":"2024-07-11T11:34:05+00:00","dateModified":"2024-07-11T11:35:12+00:00","description":"Poni\u017cej znajdziesz dokumentacje techniczne oraz porady dotycz\u0105ce naszych pomp ciep\u0142a.","breadcrumb":{"@id":"https:\/\/mj-energy.pl\/index.php\/wsparcie-techniczne\/#breadcrumb"},"inLanguage":"pl-PL","potentialAction":[{"@type":"ReadAction","target":["https:\/\/mj-energy.pl\/index.php\/wsparcie-techniczne\/"]}]},{"@type":"BreadcrumbList","@id":"https:\/\/mj-energy.pl\/index.php\/wsparcie-techniczne\/#breadcrumb","itemListElement":[{"@type":"ListItem","position":1,"name":"Strona g\u0142\u00f3wna","item":"https:\/\/mj-energy.pl\/"},{"@type":"ListItem","position":2,"name":"Wsparcie techniczne"}]},{"@type":"WebSite","@id":"https:\/\/mj-energy.pl\/#website","url":"https:\/\/mj-energy.pl\/","name":"MJ ENERGY","description":"Release your energy ","publisher":{"@id":"https:\/\/mj-energy.pl\/#organization"},"potentialAction":[{"@type":"SearchAction","target":{"@type":"EntryPoint","urlTemplate":"https:\/\/mj-energy.pl\/?s={search_term_string}"},"query-input":{"@type":"PropertyValueSpecification","valueRequired":true,"valueName":"search_term_string"}}],"inLanguage":"pl-PL"},{"@type":"Organization","@id":"https:\/\/mj-energy.pl\/#organization","name":"MJ ENERGY","url":"https:\/\/mj-energy.pl\/","logo":{"@type":"ImageObject","inLanguage":"pl-PL","@id":"https:\/\/mj-energy.pl\/#\/schema\/logo\/image\/","url":"https:\/\/mj-energy.pl\/wp-content\/uploads\/2023\/04\/cropped-MJ-Energy-logo-2-2.png","contentUrl":"https:\/\/mj-energy.pl\/wp-content\/uploads\/2023\/04\/cropped-MJ-Energy-logo-2-2.png","width":260,"height":164,"caption":"MJ ENERGY"},"image":{"@id":"https:\/\/mj-energy.pl\/#\/schema\/logo\/image\/"}},{"@type":"Person","@id":"https:\/\/mj-energy.pl\/#\/schema\/person\/0b308f5f58fb0c2bbecd303d71481f82","name":"admin3720","image":{"@type":"ImageObject","inLanguage":"pl-PL","@id":"https:\/\/secure.gravatar.com\/avatar\/1716397e05d06be95b2ddb3aaefa68838893a7883dc5db80f66b2e33900ef7b0?s=96&d=mm&r=g","url":"https:\/\/secure.gravatar.com\/avatar\/1716397e05d06be95b2ddb3aaefa68838893a7883dc5db80f66b2e33900ef7b0?s=96&d=mm&r=g","contentUrl":"https:\/\/secure.gravatar.com\/avatar\/1716397e05d06be95b2ddb3aaefa68838893a7883dc5db80f66b2e33900ef7b0?s=96&d=mm&r=g","caption":"admin3720"},"sameAs":["http:\/\/mj-energy.pl"],"url":"https:\/\/mj-energy.pl\/index.php\/author\/admin3720\/"}]}},"jetpack_sharing_enabled":true,"_links":{"self":[{"href":"https:\/\/mj-energy.pl\/index.php\/wp-json\/wp\/v2\/pages\/215","targetHints":{"allow":["GET"]}}],"collection":[{"href":"https:\/\/mj-energy.pl\/index.php\/wp-json\/wp\/v2\/pages"}],"about":[{"href":"https:\/\/mj-energy.pl\/index.php\/wp-json\/wp\/v2\/types\/page"}],"author":[{"embeddable":true,"href":"https:\/\/mj-energy.pl\/index.php\/wp-json\/wp\/v2\/users\/1"}],"replies":[{"embeddable":true,"href":"https:\/\/mj-energy.pl\/index.php\/wp-json\/wp\/v2\/comments?post=215"}],"version-history":[{"count":3,"href":"https:\/\/mj-energy.pl\/index.php\/wp-json\/wp\/v2\/pages\/215\/revisions"}],"predecessor-version":[{"id":218,"href":"https:\/\/mj-energy.pl\/index.php\/wp-json\/wp\/v2\/pages\/215\/revisions\/218"}],"wp:attachment":[{"href":"https:\/\/mj-energy.pl\/index.php\/wp-json\/wp\/v2\/media?parent=215"}],"curies":[{"name":"wp","href":"https:\/\/api.w.org\/{rel}","templated":true}]}}