{"id":2,"date":"2023-04-24T22:23:41","date_gmt":"2023-04-24T21:23:41","guid":{"rendered":"http:\/\/mj-energy.pl\/?page_id=2"},"modified":"2024-10-29T14:18:35","modified_gmt":"2024-10-29T13:18:35","slug":"page-d-exemple","status":"publish","type":"page","link":"https:\/\/mj-energy.pl\/index.php\/page-d-exemple\/","title":{"rendered":"O nas"},"content":{"rendered":"\n<figure class=\"wp-block-image size-full\"><img fetchpriority=\"high\" decoding=\"async\" width=\"2000\" height=\"1264\" src=\"https:\/\/mj-energy.pl\/wp-content\/uploads\/2023\/04\/MJ-Energy-logo-2.png\" alt=\"\" class=\"wp-image-6\" srcset=\"https:\/\/mj-energy.pl\/wp-content\/uploads\/2023\/04\/MJ-Energy-logo-2.png 2000w, https:\/\/mj-energy.pl\/wp-content\/uploads\/2023\/04\/MJ-Energy-logo-2-600x379.png 600w\" sizes=\"(max-width: 2000px) 100vw, 2000px\" \/><\/figure>\n\n\n\n<p>Firma MJ Energy powsta\u0142a jako odpowied\u017a na potrzeby rynku ekologicznych \u017ar\u00f3de\u0142 ciep\u0142a. G\u0142\u00f3wnym celem naszej dzia\u0142alno\u015bci jest dostarczanie naszym klientom produkt\u00f3w, kt\u00f3re zapewniaj\u0105 wysok\u0105 jako\u015b\u0107 w przyst\u0119pnej cenie. Stanowimy wysoko wykwalifikowany zesp\u00f3\u0142 specjalist\u00f3w w dziedzinie system\u00f3w grzewczych, wentylacyjnych i automatyki. Ch\u0119tnie s\u0142u\u017cymy pomoc\u0105 i doradztwem w doborze odpowiedniego rozwi\u0105zania, kt\u00f3re spe\u0142ni Pa\u0144stwa oczekiwania a jednocze\u015bnie b\u0119dzie optymalne z punktu widzenia koszt\u00f3w. Zach\u0119camy do zapoznania si\u0119 z nasz\u0105 ofert\u0105.<\/p>\n","protected":false},"excerpt":{"rendered":"<p>Firma MJ Energy powsta\u0142a jako odpowied\u017a na potrzeby rynku ekologicznych \u017ar\u00f3de\u0142 ciep\u0142a. G\u0142\u00f3wnym celem naszej dzia\u0142alno\u015bci jest dostarczanie naszym klientom produkt\u00f3w, [&hellip;]<\/p>\n","protected":false},"author":1,"featured_media":0,"parent":0,"menu_order":0,"comment_status":"closed","ping_status":"open","template":"","meta":{"om_disable_all_campaigns":false,"_monsterinsights_skip_tracking":false,"_monsterinsights_sitenote_active":false,"_monsterinsights_sitenote_note":"","_monsterinsights_sitenote_category":0,"footnotes":""},"class_list":["post-2","page","type-page","status-publish","hentry"],"yoast_head":"<!-- This site is optimized with the Yoast SEO plugin v27.3 - https:\/\/yoast.com\/product\/yoast-seo-wordpress\/ -->\n<title>O nas - MJ ENERGY<\/title>\n<meta name=\"robots\" content=\"index, follow, max-snippet:-1, max-image-preview:large, max-video-preview:-1\" \/>\n<link rel=\"canonical\" href=\"https:\/\/mj-energy.pl\/index.php\/page-d-exemple\/\" \/>\n<meta property=\"og:locale\" content=\"pl_PL\" \/>\n<meta property=\"og:type\" content=\"article\" \/>\n<meta property=\"og:title\" content=\"O nas - MJ ENERGY\" \/>\n<meta property=\"og:description\" content=\"Firma MJ Energy powsta\u0142a jako odpowied\u017a na potrzeby rynku ekologicznych \u017ar\u00f3de\u0142 ciep\u0142a. G\u0142\u00f3wnym celem naszej dzia\u0142alno\u015bci jest dostarczanie naszym klientom produkt\u00f3w, [&hellip;]\" \/>\n<meta property=\"og:url\" content=\"https:\/\/mj-energy.pl\/index.php\/page-d-exemple\/\" \/>\n<meta property=\"og:site_name\" content=\"MJ ENERGY\" \/>\n<meta property=\"article:modified_time\" content=\"2024-10-29T13:18:35+00:00\" \/>\n<meta property=\"og:image\" content=\"https:\/\/mj-energy.pl\/wp-content\/uploads\/2023\/04\/MJ-Energy-logo-2.png\" \/>\n\t<meta property=\"og:image:width\" content=\"2000\" \/>\n\t<meta property=\"og:image:height\" content=\"1264\" \/>\n\t<meta property=\"og:image:type\" content=\"image\/png\" \/>\n<meta name=\"twitter:card\" content=\"summary_large_image\" \/>\n<meta name=\"twitter:label1\" content=\"Szacowany czas czytania\" \/>\n\t<meta name=\"twitter:data1\" content=\"1 minuta\" \/>\n<script type=\"application\/ld+json\" class=\"yoast-schema-graph\">{\"@context\":\"https:\\\/\\\/schema.org\",\"@graph\":[{\"@type\":[\"WebPage\",\"AboutPage\"],\"@id\":\"https:\\\/\\\/mj-energy.pl\\\/index.php\\\/page-d-exemple\\\/\",\"url\":\"https:\\\/\\\/mj-energy.pl\\\/index.php\\\/page-d-exemple\\\/\",\"name\":\"O nas - MJ ENERGY\",\"isPartOf\":{\"@id\":\"https:\\\/\\\/mj-energy.pl\\\/#website\"},\"primaryImageOfPage\":{\"@id\":\"https:\\\/\\\/mj-energy.pl\\\/index.php\\\/page-d-exemple\\\/#primaryimage\"},\"image\":{\"@id\":\"https:\\\/\\\/mj-energy.pl\\\/index.php\\\/page-d-exemple\\\/#primaryimage\"},\"thumbnailUrl\":\"https:\\\/\\\/mj-energy.pl\\\/wp-content\\\/uploads\\\/2023\\\/04\\\/MJ-Energy-logo-2.png\",\"datePublished\":\"2023-04-24T21:23:41+00:00\",\"dateModified\":\"2024-10-29T13:18:35+00:00\",\"breadcrumb\":{\"@id\":\"https:\\\/\\\/mj-energy.pl\\\/index.php\\\/page-d-exemple\\\/#breadcrumb\"},\"inLanguage\":\"pl-PL\",\"potentialAction\":[{\"@type\":\"ReadAction\",\"target\":[\"https:\\\/\\\/mj-energy.pl\\\/index.php\\\/page-d-exemple\\\/\"]}]},{\"@type\":\"ImageObject\",\"inLanguage\":\"pl-PL\",\"@id\":\"https:\\\/\\\/mj-energy.pl\\\/index.php\\\/page-d-exemple\\\/#primaryimage\",\"url\":\"https:\\\/\\\/mj-energy.pl\\\/wp-content\\\/uploads\\\/2023\\\/04\\\/MJ-Energy-logo-2.png\",\"contentUrl\":\"https:\\\/\\\/mj-energy.pl\\\/wp-content\\\/uploads\\\/2023\\\/04\\\/MJ-Energy-logo-2.png\",\"width\":2000,\"height\":1264},{\"@type\":\"BreadcrumbList\",\"@id\":\"https:\\\/\\\/mj-energy.pl\\\/index.php\\\/page-d-exemple\\\/#breadcrumb\",\"itemListElement\":[{\"@type\":\"ListItem\",\"position\":1,\"name\":\"Strona g\u0142\u00f3wna\",\"item\":\"https:\\\/\\\/mj-energy.pl\\\/\"},{\"@type\":\"ListItem\",\"position\":2,\"name\":\"O nas\"}]},{\"@type\":\"WebSite\",\"@id\":\"https:\\\/\\\/mj-energy.pl\\\/#website\",\"url\":\"https:\\\/\\\/mj-energy.pl\\\/\",\"name\":\"MJ ENERGY\",\"description\":\"Release your energy \",\"publisher\":{\"@id\":\"https:\\\/\\\/mj-energy.pl\\\/#organization\"},\"potentialAction\":[{\"@type\":\"SearchAction\",\"target\":{\"@type\":\"EntryPoint\",\"urlTemplate\":\"https:\\\/\\\/mj-energy.pl\\\/?s={search_term_string}\"},\"query-input\":{\"@type\":\"PropertyValueSpecification\",\"valueRequired\":true,\"valueName\":\"search_term_string\"}}],\"inLanguage\":\"pl-PL\"},{\"@type\":\"Organization\",\"@id\":\"https:\\\/\\\/mj-energy.pl\\\/#organization\",\"name\":\"MJ ENERGY\",\"url\":\"https:\\\/\\\/mj-energy.pl\\\/\",\"logo\":{\"@type\":\"ImageObject\",\"inLanguage\":\"pl-PL\",\"@id\":\"https:\\\/\\\/mj-energy.pl\\\/#\\\/schema\\\/logo\\\/image\\\/\",\"url\":\"https:\\\/\\\/mj-energy.pl\\\/wp-content\\\/uploads\\\/2023\\\/04\\\/cropped-MJ-Energy-logo-2-2.png\",\"contentUrl\":\"https:\\\/\\\/mj-energy.pl\\\/wp-content\\\/uploads\\\/2023\\\/04\\\/cropped-MJ-Energy-logo-2-2.png\",\"width\":260,\"height\":164,\"caption\":\"MJ ENERGY\"},\"image\":{\"@id\":\"https:\\\/\\\/mj-energy.pl\\\/#\\\/schema\\\/logo\\\/image\\\/\"}}]}<\/script>\n<!-- \/ Yoast SEO plugin. -->","yoast_head_json":{"title":"O nas - MJ ENERGY","robots":{"index":"index","follow":"follow","max-snippet":"max-snippet:-1","max-image-preview":"max-image-preview:large","max-video-preview":"max-video-preview:-1"},"canonical":"https:\/\/mj-energy.pl\/index.php\/page-d-exemple\/","og_locale":"pl_PL","og_type":"article","og_title":"O nas - MJ ENERGY","og_description":"Firma MJ Energy powsta\u0142a jako odpowied\u017a na potrzeby rynku ekologicznych \u017ar\u00f3de\u0142 ciep\u0142a. G\u0142\u00f3wnym celem naszej dzia\u0142alno\u015bci jest dostarczanie naszym klientom produkt\u00f3w, [&hellip;]","og_url":"https:\/\/mj-energy.pl\/index.php\/page-d-exemple\/","og_site_name":"MJ ENERGY","article_modified_time":"2024-10-29T13:18:35+00:00","og_image":[{"width":2000,"height":1264,"url":"https:\/\/mj-energy.pl\/wp-content\/uploads\/2023\/04\/MJ-Energy-logo-2.png","type":"image\/png"}],"twitter_card":"summary_large_image","twitter_misc":{"Szacowany czas czytania":"1 minuta"},"schema":{"@context":"https:\/\/schema.org","@graph":[{"@type":["WebPage","AboutPage"],"@id":"https:\/\/mj-energy.pl\/index.php\/page-d-exemple\/","url":"https:\/\/mj-energy.pl\/index.php\/page-d-exemple\/","name":"O nas - MJ ENERGY","isPartOf":{"@id":"https:\/\/mj-energy.pl\/#website"},"primaryImageOfPage":{"@id":"https:\/\/mj-energy.pl\/index.php\/page-d-exemple\/#primaryimage"},"image":{"@id":"https:\/\/mj-energy.pl\/index.php\/page-d-exemple\/#primaryimage"},"thumbnailUrl":"https:\/\/mj-energy.pl\/wp-content\/uploads\/2023\/04\/MJ-Energy-logo-2.png","datePublished":"2023-04-24T21:23:41+00:00","dateModified":"2024-10-29T13:18:35+00:00","breadcrumb":{"@id":"https:\/\/mj-energy.pl\/index.php\/page-d-exemple\/#breadcrumb"},"inLanguage":"pl-PL","potentialAction":[{"@type":"ReadAction","target":["https:\/\/mj-energy.pl\/index.php\/page-d-exemple\/"]}]},{"@type":"ImageObject","inLanguage":"pl-PL","@id":"https:\/\/mj-energy.pl\/index.php\/page-d-exemple\/#primaryimage","url":"https:\/\/mj-energy.pl\/wp-content\/uploads\/2023\/04\/MJ-Energy-logo-2.png","contentUrl":"https:\/\/mj-energy.pl\/wp-content\/uploads\/2023\/04\/MJ-Energy-logo-2.png","width":2000,"height":1264},{"@type":"BreadcrumbList","@id":"https:\/\/mj-energy.pl\/index.php\/page-d-exemple\/#breadcrumb","itemListElement":[{"@type":"ListItem","position":1,"name":"Strona g\u0142\u00f3wna","item":"https:\/\/mj-energy.pl\/"},{"@type":"ListItem","position":2,"name":"O nas"}]},{"@type":"WebSite","@id":"https:\/\/mj-energy.pl\/#website","url":"https:\/\/mj-energy.pl\/","name":"MJ ENERGY","description":"Release your energy ","publisher":{"@id":"https:\/\/mj-energy.pl\/#organization"},"potentialAction":[{"@type":"SearchAction","target":{"@type":"EntryPoint","urlTemplate":"https:\/\/mj-energy.pl\/?s={search_term_string}"},"query-input":{"@type":"PropertyValueSpecification","valueRequired":true,"valueName":"search_term_string"}}],"inLanguage":"pl-PL"},{"@type":"Organization","@id":"https:\/\/mj-energy.pl\/#organization","name":"MJ ENERGY","url":"https:\/\/mj-energy.pl\/","logo":{"@type":"ImageObject","inLanguage":"pl-PL","@id":"https:\/\/mj-energy.pl\/#\/schema\/logo\/image\/","url":"https:\/\/mj-energy.pl\/wp-content\/uploads\/2023\/04\/cropped-MJ-Energy-logo-2-2.png","contentUrl":"https:\/\/mj-energy.pl\/wp-content\/uploads\/2023\/04\/cropped-MJ-Energy-logo-2-2.png","width":260,"height":164,"caption":"MJ ENERGY"},"image":{"@id":"https:\/\/mj-energy.pl\/#\/schema\/logo\/image\/"}}]}},"jetpack_sharing_enabled":true,"_links":{"self":[{"href":"https:\/\/mj-energy.pl\/index.php\/wp-json\/wp\/v2\/pages\/2","targetHints":{"allow":["GET"]}}],"collection":[{"href":"https:\/\/mj-energy.pl\/index.php\/wp-json\/wp\/v2\/pages"}],"about":[{"href":"https:\/\/mj-energy.pl\/index.php\/wp-json\/wp\/v2\/types\/page"}],"author":[{"embeddable":true,"href":"https:\/\/mj-energy.pl\/index.php\/wp-json\/wp\/v2\/users\/1"}],"replies":[{"embeddable":true,"href":"https:\/\/mj-energy.pl\/index.php\/wp-json\/wp\/v2\/comments?post=2"}],"version-history":[{"count":5,"href":"https:\/\/mj-energy.pl\/index.php\/wp-json\/wp\/v2\/pages\/2\/revisions"}],"predecessor-version":[{"id":228,"href":"https:\/\/mj-energy.pl\/index.php\/wp-json\/wp\/v2\/pages\/2\/revisions\/228"}],"wp:attachment":[{"href":"https:\/\/mj-energy.pl\/index.php\/wp-json\/wp\/v2\/media?parent=2"}],"curies":[{"name":"wp","href":"https:\/\/api.w.org\/{rel}","templated":true}]}}