{"id":175,"date":"2023-05-03T21:13:33","date_gmt":"2023-05-03T20:13:33","guid":{"rendered":"https:\/\/mj-energy.pl\/?page_id=175"},"modified":"2024-10-29T14:19:53","modified_gmt":"2024-10-29T13:19:53","slug":"kompleksowa-instalacja-pompy-ciepla-12-kw-wraz-z-osprzetem","status":"publish","type":"page","link":"https:\/\/mj-energy.pl\/index.php\/kompleksowa-instalacja-pompy-ciepla-12-kw-wraz-z-osprzetem\/","title":{"rendered":"Kompleksowa instalacja pompy ciep\u0142a 12 kW wraz z osprz\u0119tem"},"content":{"rendered":"\n<p>Oferujemy Panstwu dostaw\u0119 pompy ciep\u0142a o mocy 12kW, firmy Solareast, model BLN-012TC3, wraz z poni\u017cszymi elementami i kompleksowym monta\u017cem w promieni 50 km od Torunia (dalsze odleg\u0142o\u015bci do uzgodnienia).<br>W zakres oferty opr\u00f3cz pompy ciep\u0142a wchodz\u0105:<br>1. Bufor ciep\u0142a 200l. Dok\u0142adna pojemno\u015b\u0107 i typ uzgodnienia na etapie projektowania<br>2. Zbiornik CWU z du\u017c\u0105 w\u0119\u017cownic\u0105 (w\u0119\u017cownica o powierzchni co najmniej 2 m2)<br>3. Automatyczny zaw\u00f3r trojdrogowy prze\u0142\u0105czaj\u0105cy drog\u0119 bufor CO\/bufor CWU<br>4. Automatyczny zaw\u00f3r regulacyjny ustalaj\u0105cy temperatur\u0119 instalacji pod\u0142ogowej wraz ze sterowaniem<br>5. Zawory przeciwzamro\u017ceniowe<br>6. Komplet czujnik\u00f3w temperatury<br>7. Grza\u0142ki elektryczne dla wspomagania w ekstremalnie niskich temperaturach<br>8. Separator magnetyczny<br>9. Naczynia przeponowe z grup\u0105 bezpiecze\u0144stwa<br>10. Filtry siatkowe na instalacji<br>11. Inne elementy armatury hydraulicznej (rury, kszta\u0142tki, zawory r\u0119czne, zawory zwrotne). Oferta zak\u0142ada odleg\u0142o\u015b\u0107 pompy od bufora nie wi\u0119ksz\u0105 ni\u017c 5 metr\u00f3w. Rury PP40.<br>12. Elementy zasilania i sterowania elektrycznego (zabezpieczenie do istniej\u0105cej instalacji, przewod zasilaj\u0105cy 10 metr\u00f3w, styczniki do sterowania grza\u0142ek i pomp).<br>13. Monta\u017c i uruchomienie pompy ciep\u0142a.<\/p>\n\n\n\n<p>Cena ca\u0142o\u015bci na gotowo 39500 PLN brutto (VAT 8%). W przypadku skorzystania z dofinansowania z programu Czyste Powietrze mo\u017cna otrzyma\u0107:<br \/>1. W pierwszym progu dochodowym ok 20000z\u0142 dotacji (55% z kwoty netto ca\u0142o\u015bci us\u0142ugi przy najni\u017cszym poziomie dofinansowania). Koszt ko\u0144cowy dla klienta 19500zl.<br \/>2. Do ok. 30000z\u0142 w drugim progu dochodowym wraz z prefinansowaniem (80% kwoty netto). Koszt ko\u0144cowy dla klienta ok 9500z\u0142<br \/>3. Do 36500z\u0142 w najwy\u017cszym poziomie dofinansowania wraz z prefinansowaniem. Koszt ko\u0144cowy dla klienta to tylko podatek VAT czyli ok 3000z\u0142.<\/p>\n\n\n\n<p>W przypadku prefinansowania Wojew\u00f3dzki Fundusz Ochrony \u015arodowiska wyp\u0142aca dotacj\u0119 bezpo\u015brednio na konto wykonawcy, klient wp\u0142aca powykonawczo tylko kwot\u0119 pozosta\u0142\u0105 (kt\u00f3rej nie pokrywa dotacja).<br \/>Oczywi\u015bcie pomagamy w przygotowaniu wniosku.<br \/>Dane techniczne naszej pompy znajduj\u0105 si\u0119 pod poni\u017cszym linkiem na stronie naszej firmy<\/p>\n\n\n\n<div data-wp-interactive=\"core\/file\" class=\"wp-block-file\"><object data-wp-bind--hidden=\"!state.hasPdfPreview\" hidden class=\"wp-block-file__embed\" data=\"https:\/\/mj-energy.pl\/wp-content\/uploads\/2023\/05\/BLN-012TC1_3-EN14825-1.pdf\" type=\"application\/pdf\" style=\"width:100%;height:600px\" aria-label=\"Osadzone z BLN-012TC1_3-EN14825-1.\"><\/object><a id=\"wp-block-file--media-928c0e0a-3710-4d7e-8ac8-1d8b2bd59a5b\" href=\"https:\/\/mj-energy.pl\/wp-content\/uploads\/2023\/05\/BLN-012TC1_3-EN14825-1.pdf\">BLN-012TC1_3-EN14825-1<\/a><a href=\"https:\/\/mj-energy.pl\/wp-content\/uploads\/2023\/05\/BLN-012TC1_3-EN14825-1.pdf\" class=\"wp-block-file__button wp-element-button\" download aria-describedby=\"wp-block-file--media-928c0e0a-3710-4d7e-8ac8-1d8b2bd59a5b\">Pobierz<\/a><\/div>\n\n\n\n<figure class=\"wp-block-embed is-type-wp-embed is-provider-mj-energy wp-block-embed-mj-energy\"><div class=\"wp-block-embed__wrapper\">\n<blockquote class=\"wp-embedded-content\" data-secret=\"lCJrDYIUA7\"><a href=\"https:\/\/mj-energy.pl\/index.php\/sunrain-bln-012tc3\/\">Sunrain BLN-012TC3<\/a><\/blockquote><iframe class=\"wp-embedded-content\" sandbox=\"allow-scripts\" security=\"restricted\" style=\"position: absolute; clip: rect(1px, 1px, 1px, 1px);\" title=\"&#8222;Sunrain BLN-012TC3&#8221; &#8212; MJ ENERGY\" src=\"https:\/\/mj-energy.pl\/index.php\/sunrain-bln-012tc3\/embed\/#?secret=UMamoyBrQQ#?secret=lCJrDYIUA7\" data-secret=\"lCJrDYIUA7\" width=\"600\" height=\"338\" frameborder=\"0\" marginwidth=\"0\" marginheight=\"0\" scrolling=\"no\"><\/iframe>\n<\/div><\/figure>\n\n\n\n<figure class=\"wp-block-image size-full\"><img fetchpriority=\"high\" decoding=\"async\" width=\"640\" height=\"427\" src=\"https:\/\/mj-energy.pl\/wp-content\/uploads\/2023\/05\/Alibaba865632540.png\" alt=\"\" class=\"wp-image-180\" srcset=\"https:\/\/mj-energy.pl\/wp-content\/uploads\/2023\/05\/Alibaba865632540.png 640w, https:\/\/mj-energy.pl\/wp-content\/uploads\/2023\/05\/Alibaba865632540-300x200.png 300w, https:\/\/mj-energy.pl\/wp-content\/uploads\/2023\/05\/Alibaba865632540-600x400.png 600w\" sizes=\"(max-width: 640px) 100vw, 640px\" \/><\/figure>\n","protected":false},"excerpt":{"rendered":"<p>Oferujemy Panstwu dostaw\u0119 pompy ciep\u0142a o mocy 12kW, firmy Solareast, model BLN-012TC3, wraz z poni\u017cszymi elementami i kompleksowym monta\u017cem w promieni [&hellip;]<\/p>\n","protected":false},"author":1,"featured_media":0,"parent":0,"menu_order":0,"comment_status":"closed","ping_status":"closed","template":"","meta":{"om_disable_all_campaigns":false,"_monsterinsights_skip_tracking":false,"_monsterinsights_sitenote_active":false,"_monsterinsights_sitenote_note":"","_monsterinsights_sitenote_category":0,"footnotes":""},"class_list":["post-175","page","type-page","status-publish","hentry"],"yoast_head":"<!-- This site is optimized with the Yoast SEO plugin v27.3 - https:\/\/yoast.com\/product\/yoast-seo-wordpress\/ -->\n<title>Kompleksowa instalacja pompy ciep\u0142a 12 kW wraz z osprz\u0119tem<\/title>\n<meta name=\"description\" content=\"Kompleksowa instalacja pompy ciep\u0142a 12 kW wraz z osprz\u0119tem, pompa BLN-012TC3, 16500 PLN brutto\" \/>\n<meta name=\"robots\" content=\"index, follow, max-snippet:-1, max-image-preview:large, max-video-preview:-1\" \/>\n<link rel=\"canonical\" href=\"https:\/\/mj-energy.pl\/index.php\/kompleksowa-instalacja-pompy-ciepla-12-kw-wraz-z-osprzetem\/\" \/>\n<meta property=\"og:locale\" content=\"pl_PL\" \/>\n<meta property=\"og:type\" content=\"article\" \/>\n<meta property=\"og:title\" content=\"Kompleksowa instalacja pompy ciep\u0142a 12 kW wraz z osprz\u0119tem\" \/>\n<meta property=\"og:description\" content=\"Kompleksowa instalacja pompy ciep\u0142a 12 kW wraz z osprz\u0119tem, pompa BLN-012TC3, 16500 PLN brutto\" \/>\n<meta property=\"og:url\" content=\"https:\/\/mj-energy.pl\/index.php\/kompleksowa-instalacja-pompy-ciepla-12-kw-wraz-z-osprzetem\/\" \/>\n<meta property=\"og:site_name\" content=\"MJ ENERGY\" \/>\n<meta property=\"article:modified_time\" content=\"2024-10-29T13:19:53+00:00\" \/>\n<meta property=\"og:image\" content=\"https:\/\/mj-energy.pl\/wp-content\/uploads\/2023\/05\/Alibaba865632540.png\" \/>\n\t<meta property=\"og:image:width\" content=\"640\" \/>\n\t<meta property=\"og:image:height\" content=\"427\" \/>\n\t<meta property=\"og:image:type\" content=\"image\/png\" \/>\n<meta name=\"twitter:card\" content=\"summary_large_image\" \/>\n<meta name=\"twitter:label1\" content=\"Szacowany czas czytania\" \/>\n\t<meta name=\"twitter:data1\" content=\"2 minuty\" \/>\n<script type=\"application\/ld+json\" class=\"yoast-schema-graph\">{\"@context\":\"https:\\\/\\\/schema.org\",\"@graph\":[{\"@type\":\"WebPage\",\"@id\":\"https:\\\/\\\/mj-energy.pl\\\/index.php\\\/kompleksowa-instalacja-pompy-ciepla-12-kw-wraz-z-osprzetem\\\/\",\"url\":\"https:\\\/\\\/mj-energy.pl\\\/index.php\\\/kompleksowa-instalacja-pompy-ciepla-12-kw-wraz-z-osprzetem\\\/\",\"name\":\"Kompleksowa instalacja pompy ciep\u0142a 12 kW wraz z osprz\u0119tem\",\"isPartOf\":{\"@id\":\"https:\\\/\\\/mj-energy.pl\\\/#website\"},\"primaryImageOfPage\":{\"@id\":\"https:\\\/\\\/mj-energy.pl\\\/index.php\\\/kompleksowa-instalacja-pompy-ciepla-12-kw-wraz-z-osprzetem\\\/#primaryimage\"},\"image\":{\"@id\":\"https:\\\/\\\/mj-energy.pl\\\/index.php\\\/kompleksowa-instalacja-pompy-ciepla-12-kw-wraz-z-osprzetem\\\/#primaryimage\"},\"thumbnailUrl\":\"https:\\\/\\\/mj-energy.pl\\\/wp-content\\\/uploads\\\/2023\\\/05\\\/Alibaba865632540.png\",\"datePublished\":\"2023-05-03T20:13:33+00:00\",\"dateModified\":\"2024-10-29T13:19:53+00:00\",\"description\":\"Kompleksowa instalacja pompy ciep\u0142a 12 kW wraz z osprz\u0119tem, pompa BLN-012TC3, 16500 PLN brutto\",\"breadcrumb\":{\"@id\":\"https:\\\/\\\/mj-energy.pl\\\/index.php\\\/kompleksowa-instalacja-pompy-ciepla-12-kw-wraz-z-osprzetem\\\/#breadcrumb\"},\"inLanguage\":\"pl-PL\",\"potentialAction\":[{\"@type\":\"ReadAction\",\"target\":[\"https:\\\/\\\/mj-energy.pl\\\/index.php\\\/kompleksowa-instalacja-pompy-ciepla-12-kw-wraz-z-osprzetem\\\/\"]}]},{\"@type\":\"ImageObject\",\"inLanguage\":\"pl-PL\",\"@id\":\"https:\\\/\\\/mj-energy.pl\\\/index.php\\\/kompleksowa-instalacja-pompy-ciepla-12-kw-wraz-z-osprzetem\\\/#primaryimage\",\"url\":\"https:\\\/\\\/mj-energy.pl\\\/wp-content\\\/uploads\\\/2023\\\/05\\\/Alibaba865632540.png\",\"contentUrl\":\"https:\\\/\\\/mj-energy.pl\\\/wp-content\\\/uploads\\\/2023\\\/05\\\/Alibaba865632540.png\",\"width\":640,\"height\":427},{\"@type\":\"BreadcrumbList\",\"@id\":\"https:\\\/\\\/mj-energy.pl\\\/index.php\\\/kompleksowa-instalacja-pompy-ciepla-12-kw-wraz-z-osprzetem\\\/#breadcrumb\",\"itemListElement\":[{\"@type\":\"ListItem\",\"position\":1,\"name\":\"Strona g\u0142\u00f3wna\",\"item\":\"https:\\\/\\\/mj-energy.pl\\\/\"},{\"@type\":\"ListItem\",\"position\":2,\"name\":\"Kompleksowa instalacja pompy ciep\u0142a 12 kW wraz z osprz\u0119tem\"}]},{\"@type\":\"WebSite\",\"@id\":\"https:\\\/\\\/mj-energy.pl\\\/#website\",\"url\":\"https:\\\/\\\/mj-energy.pl\\\/\",\"name\":\"MJ ENERGY\",\"description\":\"Release your energy \",\"publisher\":{\"@id\":\"https:\\\/\\\/mj-energy.pl\\\/#organization\"},\"potentialAction\":[{\"@type\":\"SearchAction\",\"target\":{\"@type\":\"EntryPoint\",\"urlTemplate\":\"https:\\\/\\\/mj-energy.pl\\\/?s={search_term_string}\"},\"query-input\":{\"@type\":\"PropertyValueSpecification\",\"valueRequired\":true,\"valueName\":\"search_term_string\"}}],\"inLanguage\":\"pl-PL\"},{\"@type\":\"Organization\",\"@id\":\"https:\\\/\\\/mj-energy.pl\\\/#organization\",\"name\":\"MJ ENERGY\",\"url\":\"https:\\\/\\\/mj-energy.pl\\\/\",\"logo\":{\"@type\":\"ImageObject\",\"inLanguage\":\"pl-PL\",\"@id\":\"https:\\\/\\\/mj-energy.pl\\\/#\\\/schema\\\/logo\\\/image\\\/\",\"url\":\"https:\\\/\\\/mj-energy.pl\\\/wp-content\\\/uploads\\\/2023\\\/04\\\/cropped-MJ-Energy-logo-2-2.png\",\"contentUrl\":\"https:\\\/\\\/mj-energy.pl\\\/wp-content\\\/uploads\\\/2023\\\/04\\\/cropped-MJ-Energy-logo-2-2.png\",\"width\":260,\"height\":164,\"caption\":\"MJ ENERGY\"},\"image\":{\"@id\":\"https:\\\/\\\/mj-energy.pl\\\/#\\\/schema\\\/logo\\\/image\\\/\"}}]}<\/script>\n<!-- \/ Yoast SEO plugin. -->","yoast_head_json":{"title":"Kompleksowa instalacja pompy ciep\u0142a 12 kW wraz z osprz\u0119tem","description":"Kompleksowa instalacja pompy ciep\u0142a 12 kW wraz z osprz\u0119tem, pompa BLN-012TC3, 16500 PLN brutto","robots":{"index":"index","follow":"follow","max-snippet":"max-snippet:-1","max-image-preview":"max-image-preview:large","max-video-preview":"max-video-preview:-1"},"canonical":"https:\/\/mj-energy.pl\/index.php\/kompleksowa-instalacja-pompy-ciepla-12-kw-wraz-z-osprzetem\/","og_locale":"pl_PL","og_type":"article","og_title":"Kompleksowa instalacja pompy ciep\u0142a 12 kW wraz z osprz\u0119tem","og_description":"Kompleksowa instalacja pompy ciep\u0142a 12 kW wraz z osprz\u0119tem, pompa BLN-012TC3, 16500 PLN brutto","og_url":"https:\/\/mj-energy.pl\/index.php\/kompleksowa-instalacja-pompy-ciepla-12-kw-wraz-z-osprzetem\/","og_site_name":"MJ ENERGY","article_modified_time":"2024-10-29T13:19:53+00:00","og_image":[{"width":640,"height":427,"url":"https:\/\/mj-energy.pl\/wp-content\/uploads\/2023\/05\/Alibaba865632540.png","type":"image\/png"}],"twitter_card":"summary_large_image","twitter_misc":{"Szacowany czas czytania":"2 minuty"},"schema":{"@context":"https:\/\/schema.org","@graph":[{"@type":"WebPage","@id":"https:\/\/mj-energy.pl\/index.php\/kompleksowa-instalacja-pompy-ciepla-12-kw-wraz-z-osprzetem\/","url":"https:\/\/mj-energy.pl\/index.php\/kompleksowa-instalacja-pompy-ciepla-12-kw-wraz-z-osprzetem\/","name":"Kompleksowa instalacja pompy ciep\u0142a 12 kW wraz z osprz\u0119tem","isPartOf":{"@id":"https:\/\/mj-energy.pl\/#website"},"primaryImageOfPage":{"@id":"https:\/\/mj-energy.pl\/index.php\/kompleksowa-instalacja-pompy-ciepla-12-kw-wraz-z-osprzetem\/#primaryimage"},"image":{"@id":"https:\/\/mj-energy.pl\/index.php\/kompleksowa-instalacja-pompy-ciepla-12-kw-wraz-z-osprzetem\/#primaryimage"},"thumbnailUrl":"https:\/\/mj-energy.pl\/wp-content\/uploads\/2023\/05\/Alibaba865632540.png","datePublished":"2023-05-03T20:13:33+00:00","dateModified":"2024-10-29T13:19:53+00:00","description":"Kompleksowa instalacja pompy ciep\u0142a 12 kW wraz z osprz\u0119tem, pompa BLN-012TC3, 16500 PLN brutto","breadcrumb":{"@id":"https:\/\/mj-energy.pl\/index.php\/kompleksowa-instalacja-pompy-ciepla-12-kw-wraz-z-osprzetem\/#breadcrumb"},"inLanguage":"pl-PL","potentialAction":[{"@type":"ReadAction","target":["https:\/\/mj-energy.pl\/index.php\/kompleksowa-instalacja-pompy-ciepla-12-kw-wraz-z-osprzetem\/"]}]},{"@type":"ImageObject","inLanguage":"pl-PL","@id":"https:\/\/mj-energy.pl\/index.php\/kompleksowa-instalacja-pompy-ciepla-12-kw-wraz-z-osprzetem\/#primaryimage","url":"https:\/\/mj-energy.pl\/wp-content\/uploads\/2023\/05\/Alibaba865632540.png","contentUrl":"https:\/\/mj-energy.pl\/wp-content\/uploads\/2023\/05\/Alibaba865632540.png","width":640,"height":427},{"@type":"BreadcrumbList","@id":"https:\/\/mj-energy.pl\/index.php\/kompleksowa-instalacja-pompy-ciepla-12-kw-wraz-z-osprzetem\/#breadcrumb","itemListElement":[{"@type":"ListItem","position":1,"name":"Strona g\u0142\u00f3wna","item":"https:\/\/mj-energy.pl\/"},{"@type":"ListItem","position":2,"name":"Kompleksowa instalacja pompy ciep\u0142a 12 kW wraz z osprz\u0119tem"}]},{"@type":"WebSite","@id":"https:\/\/mj-energy.pl\/#website","url":"https:\/\/mj-energy.pl\/","name":"MJ ENERGY","description":"Release your energy ","publisher":{"@id":"https:\/\/mj-energy.pl\/#organization"},"potentialAction":[{"@type":"SearchAction","target":{"@type":"EntryPoint","urlTemplate":"https:\/\/mj-energy.pl\/?s={search_term_string}"},"query-input":{"@type":"PropertyValueSpecification","valueRequired":true,"valueName":"search_term_string"}}],"inLanguage":"pl-PL"},{"@type":"Organization","@id":"https:\/\/mj-energy.pl\/#organization","name":"MJ ENERGY","url":"https:\/\/mj-energy.pl\/","logo":{"@type":"ImageObject","inLanguage":"pl-PL","@id":"https:\/\/mj-energy.pl\/#\/schema\/logo\/image\/","url":"https:\/\/mj-energy.pl\/wp-content\/uploads\/2023\/04\/cropped-MJ-Energy-logo-2-2.png","contentUrl":"https:\/\/mj-energy.pl\/wp-content\/uploads\/2023\/04\/cropped-MJ-Energy-logo-2-2.png","width":260,"height":164,"caption":"MJ ENERGY"},"image":{"@id":"https:\/\/mj-energy.pl\/#\/schema\/logo\/image\/"}}]}},"jetpack_sharing_enabled":true,"_links":{"self":[{"href":"https:\/\/mj-energy.pl\/index.php\/wp-json\/wp\/v2\/pages\/175","targetHints":{"allow":["GET"]}}],"collection":[{"href":"https:\/\/mj-energy.pl\/index.php\/wp-json\/wp\/v2\/pages"}],"about":[{"href":"https:\/\/mj-energy.pl\/index.php\/wp-json\/wp\/v2\/types\/page"}],"author":[{"embeddable":true,"href":"https:\/\/mj-energy.pl\/index.php\/wp-json\/wp\/v2\/users\/1"}],"replies":[{"embeddable":true,"href":"https:\/\/mj-energy.pl\/index.php\/wp-json\/wp\/v2\/comments?post=175"}],"version-history":[{"count":5,"href":"https:\/\/mj-energy.pl\/index.php\/wp-json\/wp\/v2\/pages\/175\/revisions"}],"predecessor-version":[{"id":229,"href":"https:\/\/mj-energy.pl\/index.php\/wp-json\/wp\/v2\/pages\/175\/revisions\/229"}],"wp:attachment":[{"href":"https:\/\/mj-energy.pl\/index.php\/wp-json\/wp\/v2\/media?parent=175"}],"curies":[{"name":"wp","href":"https:\/\/api.w.org\/{rel}","templated":true}]}}